{"id":36,"date":"2015-12-07T17:44:27","date_gmt":"2015-12-07T16:44:27","guid":{"rendered":"http:\/\/localhost\/wp-faculty\/?page_id=36"},"modified":"2016-10-16T11:04:03","modified_gmt":"2016-10-16T10:04:03","slug":"photos","status":"publish","type":"page","link":"https:\/\/www.ericclua.fr\/en\/photos\/","title":{"rendered":"Photos"},"content":{"rendered":"<p>Choix de photos qui permettent un voyage dans le temps et \u00e0 travers le monde pour imager la diversit\u00e9 de mes activit\u00e9s et passions. C&#8217;est avant tout un clin d&#8217;oeil aux personnes que j&#8217;ai pu croiser dans ces moments inoubliables&#8230; qu&#8217;ils trouvent ici un hommage sinc\u00e8re au privil\u00e8ge que j&#8217;ai eu de les c\u00f4toyer&#8230;<\/p>\n","protected":false},"excerpt":{"rendered":"<p>Choix de photos qui permettent un voyage dans le temps et \u00e0 travers le monde pour imager la diversit\u00e9 de [&hellip;]<\/p>\n","protected":false},"author":2,"featured_media":0,"parent":0,"menu_order":4,"comment_status":"open","ping_status":"closed","template":"page-galleryfilter.php","meta":{"footnotes":""},"class_list":["post-36","page","type-page","status-publish","hentry"],"_links":{"self":[{"href":"https:\/\/www.ericclua.fr\/en\/wp-json\/wp\/v2\/pages\/36"}],"collection":[{"href":"https:\/\/www.ericclua.fr\/en\/wp-json\/wp\/v2\/pages"}],"about":[{"href":"https:\/\/www.ericclua.fr\/en\/wp-json\/wp\/v2\/types\/page"}],"author":[{"embeddable":true,"href":"https:\/\/www.ericclua.fr\/en\/wp-json\/wp\/v2\/users\/2"}],"replies":[{"embeddable":true,"href":"https:\/\/www.ericclua.fr\/en\/wp-json\/wp\/v2\/comments?post=36"}],"version-history":[{"count":7,"href":"https:\/\/www.ericclua.fr\/en\/wp-json\/wp\/v2\/pages\/36\/revisions"}],"predecessor-version":[{"id":1045,"href":"https:\/\/www.ericclua.fr\/en\/wp-json\/wp\/v2\/pages\/36\/revisions\/1045"}],"wp:attachment":[{"href":"https:\/\/www.ericclua.fr\/en\/wp-json\/wp\/v2\/media?parent=36"}],"curies":[{"name":"wp","href":"https:\/\/api.w.org\/{rel}","templated":true}]}}