{"id":25,"date":"2015-12-07T17:20:25","date_gmt":"2015-12-07T16:20:25","guid":{"rendered":"http:\/\/localhost\/wp-faculty\/?page_id=25"},"modified":"2021-03-07T22:35:00","modified_gmt":"2021-03-07T21:35:00","slug":"enseignement","status":"publish","type":"page","link":"https:\/\/www.ericclua.fr\/en\/enseignement\/","title":{"rendered":"Teaching and Internship"},"content":{"rendered":"<p>[vc_row][vc_column][vc_column_text][\/vc_column_text][\/vc_column][\/vc_row][vc_row][vc_column]<h1 class=\"fac-big-title fac-title text-left\" style=\"color:\">Enseignement magistral, stages et E-enseignement<\/h1>\n[vc_column_text]My teaching activity consists in a set of lectures or E-learning courses organised by the<br \/>\nEPHE (Ecole Pratique des Hautes Etudes); I also guide students preparing an EPHE degree, a<br \/>\nthesis or a post-graduate study, over a long period. I also agree to supervise Master 1 and 2<br \/>\nstudents (or students from veterinary schools) during a 4 to 18-week internship (to apply, see<br \/>\nthe \u201cCONTACT\u201d section). The minimum requirement is a r\u00e9sum\u00e9 (with a photo if possible)<br \/>\nand a motivation letter indicating precisely the level of studies, the possible dates for the<br \/>\ninternship, as well as the agreement to come at your own expense to French Polynesia. Your<br \/>\nfiles will have to include your name, your level of studies (for an internship), the type of file<br \/>\nsent, as well as the period (for instance: DUPONT_M2_CV_internship_Jan_to_Jun_2018).<br \/>\nAs a rule, your accommodation and costs are paid for by the CRIOBE.<br \/>\nPlease note: For those interested in an internship on sharks, South Africa also offers<br \/>\ninteresting possibilities, validated by the CRIOBE students; see http:\/\/www.oceans-<br \/>\ncampus.com\/programs\/oceans-research-internship\/<br \/>\nRegarding my lectures and the E-learning course mentioned above, they focus on the<br \/>\nfunctioning and management of reef and lagoon ecosystems, insisting on fish and sharks. The<br \/>\ncourses are part of the EPHE and UPF (University of French Polynesia) courses with the<br \/>\nfollowing interventions:[\/vc_column_text][\/vc_column][\/vc_row][vc_row][vc_column]<ul class=\"ul-dates \">\n\t\t\t<li class=\"\">\n\t\t\t\t<div class=\"dates\"><span>M1 - EPHE<\/span><span>Cours<\/span><\/div>\n\t\t\t\t<div class=\"content\"><h4>Unit\u00e9 d\u2019enseignement \u00ab&nbsp;Structure et fonctionnement des r\u00e9cifs coralliens&nbsp;\u00bb<\/h4><p>\u2013\u00a0\u00ab\u00a0La reproduction des poissons\u00a0\u00bb (cours magistral = CM, 1 h)<\/p>\n<p>\u2013\u00a0\u00ab\u00a0La Capture et Culture des Postlarves PCC\u00a0\u00bb (TD, 2 h)<\/p>\n<p>\u2013\u00a0\u00ab\u00a0L\u2019Initiative R\u00e9cifs Coralliens pour le Pacifique \u2013 programme CRISP\u00a0\u00bb (CM, 0,5 h)<\/p><\/div>\n\t\t\t<\/li>\n\t\t\t<li class=\"\">\n\t\t\t\t<div class=\"dates\"><span>M2 - EPHE<\/span><span>Cours<\/span><\/div>\n\t\t\t\t<div class=\"content\"><h4>Unit\u00e9 d\u2019enseignement \u00ab&nbsp;Biodiversit\u00e9, biologie, \u00e9cologie et conservation des organismes coralliens&nbsp;\u00bb<\/h4><p>\u2013 \u00ab&nbsp;La reproduction des poissons&nbsp;\u00bb (CM, 1 h)<\/p><\/div>\n\t\t\t<\/li>\n\t\t\t<li class=\"\">\n\t\t\t\t<div class=\"dates\"><span>M2 - EPHE<\/span><span>Cours<\/span><\/div>\n\t\t\t\t<div class=\"content\"><h4>Unit\u00e9 d\u2019enseignement \u00ab&nbsp;P\u00eache et PCC&nbsp;\u00bb<\/h4><p>\u2013 \u00ab\u00a0La Capture et Cuture des Postlarves PCC\u00a0\u00bb (TD, 2 h)<\/p>\n<p>\u2013 \u00ab\u00a0L\u2019Initiative R\u00e9cifs Coralliens pour le Pacifique \u2013 programme CRISP\u00a0\u00bb (CM*, 0,5 h)<\/p>\n<p>\u2013 \u00ab\u00a0Ecologie, comportement et valeur \u00e9conomique des requins au sein des r\u00e9cifs coralliens\u00a0\u00bb (CM, 2,5 h)<\/p><\/div>\n\t\t\t<\/li>\n\t\t\t<li class=\"\">\n\t\t\t\t<div class=\"dates\"><span>M2 - EPHE<\/span><span>Cours<\/span><\/div>\n\t\t\t\t<div class=\"content\"><h4>Unit\u00e9 d\u2019enseignement \u00ab&nbsp;Soci\u00e9t\u00e9s et cultures oc\u00e9aniennes&nbsp;\u00bb<\/h4><p>\u2013 \u00ab\u00a0La valeur \u00e9conomique des r\u00e9cifs coralliens\u00a0\u00bb (CM, 2,5 h)<\/p><\/div>\n\t\t\t<\/li>\n\t\t\t<li class=\"\">\n\t\t\t\t<div class=\"dates\"><span>M2 - EPHE<\/span><span>Cours<\/span><\/div>\n\t\t\t\t<div class=\"content\"><h4>Unit\u00e9 d\u2019enseignement \u00ab&nbsp;Ecosyst\u00e8mes Insulaires Oc\u00e9aniens&nbsp;\u00bb<\/h4><p>\u2013 \u00ab\u00a0Ecologie, comportement et valeur \u00e9conomique des requins au sein des r\u00e9cifs coralliens\u00a0\u00bb (CM, 2,5 h)<\/p><\/div>\n\t\t\t<\/li><\/ul>[vc_column_text]<\/p>\n<p>&nbsp;<\/p>\n<p style=\"font-size: smaller;\">*Universit\u00e9 de Polyn\u00e9sie fran\u00e7aise<\/p>\n<p>[\/vc_column_text][\/vc_column][\/vc_row][vc_row][vc_column]<h2 class=\"fac-title text-center\" style=\"color:\">Encadrement d&#039;\u00e9tudiants (&gt;2009) (autres que Master 1 ou 2)<\/h2>\n<ul class=\"ul-dates \">\n\t\t\t<li class=\"\">\n\t\t\t\t<div class=\"dates\"><span>Pr\u00e9sent<\/span><span>2017<\/span><\/div>\n\t\t\t\t<div class=\"content\"><h4>Ang\u00e9lique BRATHWAITE \u2013 Th\u00e8se de l\u2019EPHE \u2013 Co-encadrement avec Dr Nicolas PASCAL (Blue Finance\/CRIOBE \u2013 France)<\/h4><p>Titre provisoire : \u00ab&nbsp;Ecosystem Services of Coral Reefs: Is the science ready to establish marine Payment for Ecosystem Services in Small Island Development States?&nbsp;\u00bb<\/p><\/div>\n\t\t\t<\/li>\n\t\t\t<li class=\"\">\n\t\t\t\t<div class=\"dates\"><span>Pr\u00e9sent<\/span><span>2015<\/span><\/div>\n\t\t\t\t<div class=\"content\"><h4>Michel BEGUE \u2013 Dipl\u00f4me de l\u2019EPHE \u2013 Co-encadrement avec Dr Serge Planes (CNRS \u2013 France)<\/h4><p>Titre provisoire : \u00ab&nbsp;Photo-identification et fr\u00e9quentation d\u2019un site de nourrissage par le requin tigre Galeocerdo cuvier en Polyn\u00e9sie fran\u00e7aise&nbsp;\u00bb<\/p><\/div>\n\t\t\t<\/li>\n\t\t\t<li class=\"\">\n\t\t\t\t<div class=\"dates\"><span>Pr\u00e9sent<\/span><span>2014<\/span><\/div>\n\t\t\t\t<div class=\"content\"><h4>Pamela CARZON \u2013 Dipl\u00f4me de l\u2019EPHE \u2013 Co-encadrement avec Dr Serge Planes (CNRS \u2013 France)<\/h4><p>Titre provisoire : \u00ab&nbsp;Ecologie comportementale de la population de Grand dauphin Tursiops truncatus fr\u00e9quentant la passe de Tiputa dans l\u2019atoll de Rangiroa (Polyn\u00e9sie fran\u00e7aise)&nbsp;\u00bb<\/p><\/div>\n\t\t\t<\/li>\n\t\t\t<li class=\"\">\n\t\t\t\t<div class=\"dates\"><span>2016<\/span><span>2013<\/span><\/div>\n\t\t\t\t<div class=\"content\"><h4>Pierpaolo BRENA \u2013 Th\u00e8se EPHE \u2013 Co-encadrement avec Dr Serge Planes (CNRS \u2013 France)<\/h4><p>Titre provisoire : \u00ab&nbsp;Ecologie spatiale et comportementale du requin citron Negaprion acutidens en Polyn\u00e9sie fran\u00e7aise&nbsp;\u00bb<\/p><\/div>\n\t\t\t<\/li>\n\t\t\t<li class=\"\">\n\t\t\t\t<div class=\"dates\"><span>2014<\/span><span>2011<\/span><\/div>\n\t\t\t\t<div class=\"content\"><h4>Thomas VIGNAUD \u2013 Th\u00e8se EPHE \u2013 Co-encadrement avec Dr Serge Planes (CNRS \u2013 France)<\/h4><p>Titre : \u00ab&nbsp;Etude de la structure g\u00e9n\u00e9tique et de l\u2019histoire d\u00e9mographique au travers du requin-baleine (Rhincodon typus) et du requin \u00e0 pointes noires (Carcharhinus melanopterus)&nbsp;\u00bb<\/p><\/div>\n\t\t\t<\/li>\n\t\t\t<li class=\"\">\n\t\t\t\t<div class=\"dates\"><span>2012<\/span><span>2011<\/span><\/div>\n\t\t\t\t<div class=\"content\"><h4>Jonathan WERRY \u2013 Post-doc<\/h4><p>Titre : \u00ab&nbsp;Connectivity of Tiger (Galeocerdo cuvier) and other large shark species in the South Pacific: A focus on inter-connectedness of Great Barrier Reef Marine Park (Australia) and New Caledonia populations&nbsp;\u00bb<\/p><\/div>\n\t\t\t<\/li>\n\t\t\t<li class=\"\">\n\t\t\t\t<div class=\"dates\"><span>2013<\/span><span>2009<\/span><\/div>\n\t\t\t\t<div class=\"content\"><h4>Nicolas PASCAL \u2013 Th\u00e8se Universit\u00e9 de Barcelone \u2013 Co-encadrement avec Dr Fransesc Maynou (CSIC \u2013 Espagne)<\/h4><p>Titre : \u00ab&nbsp;Coral Reef Ecosystem Services Valuation Experiences From The South Pacific&nbsp;\u00bb<\/p><\/div>\n\t\t\t<\/li>\n\t\t\t<li class=\"\">\n\t\t\t\t<div class=\"dates\"><span>2010<\/span><span>2009<\/span><\/div>\n\t\t\t\t<div class=\"content\"><h4>Tyffen READ \u2013 Master 2 \u2013 Co-encadrement avec Pr Joe Lee (Universit\u00e9 de Griffth \u2013 Australie)<\/h4><p>Titre : \u00ab&nbsp;Mark-recapture of Tiger shark (Galeocerdo cuvier) in New Caledonia: A photo-identification approach&nbsp;\u00bb<\/p><\/div>\n\t\t\t<\/li>\n\t\t\t<li class=\"\">\n\t\t\t\t<div class=\"dates\"><span>2011<\/span><span>2008<\/span><\/div>\n\t\t\t\t<div class=\"content\"><h4>Jonathan WERRY \u2013 PhD \u2013 Co-encadrement avec Pr Joe Lee (Universit\u00e9 de Griffth \u2013 Australie)<\/h4><p>Titre : \u00ab&nbsp;Habitat Ecology of the Bull Shark, Carcharhinus lucas, on Urban Coast of Queensland, Eastern Australia&nbsp;\u00bb<\/p><\/div>\n\t\t\t<\/li>\n\t\t\t<li class=\"\">\n\t\t\t\t<div class=\"dates\"><span>2009<\/span><span>2006<\/span><\/div>\n\t\t\t\t<div class=\"content\"><h4>Nicolas BURAY \u2013 Dipl\u00f4me de l\u2019EPHE \u2013 Co-encadrement avec Dr Serge Planes (CNRS \u2013 France)<\/h4><p>Titre : \u00ab&nbsp;Etude comportementale de la population de requins citron (Negaprion acutidens) sur le site de \u00ab&nbsp;feeding&nbsp;\u00bb d\u2019Opunohu \u00e0 Moorea, Polyn\u00e9sie Fran\u00e7aise&nbsp;\u00bb<\/p><\/div>\n\t\t\t<\/li><\/ul>[\/vc_column][\/vc_row][vc_row][vc_column][vc_column_text][\/vc_column_text][\/vc_column][\/vc_row]<\/p>","protected":false},"excerpt":{"rendered":"<p>[vc_row][vc_column][vc_column_text][\/vc_column_text][\/vc_column][\/vc_row][vc_row][vc_column][vc_column_text]My teaching activity consists in a set of lectures or E-learning courses organised by the EPHE (Ecole Pratique des Hautes [&hellip;]<\/p>\n","protected":false},"author":2,"featured_media":0,"parent":0,"menu_order":2,"comment_status":"open","ping_status":"closed","template":"page-pagebuilder.php","meta":{"footnotes":""},"class_list":["post-25","page","type-page","status-publish","hentry"],"_links":{"self":[{"href":"https:\/\/www.ericclua.fr\/en\/wp-json\/wp\/v2\/pages\/25"}],"collection":[{"href":"https:\/\/www.ericclua.fr\/en\/wp-json\/wp\/v2\/pages"}],"about":[{"href":"https:\/\/www.ericclua.fr\/en\/wp-json\/wp\/v2\/types\/page"}],"author":[{"embeddable":true,"href":"https:\/\/www.ericclua.fr\/en\/wp-json\/wp\/v2\/users\/2"}],"replies":[{"embeddable":true,"href":"https:\/\/www.ericclua.fr\/en\/wp-json\/wp\/v2\/comments?post=25"}],"version-history":[{"count":69,"href":"https:\/\/www.ericclua.fr\/en\/wp-json\/wp\/v2\/pages\/25\/revisions"}],"predecessor-version":[{"id":1589,"href":"https:\/\/www.ericclua.fr\/en\/wp-json\/wp\/v2\/pages\/25\/revisions\/1589"}],"wp:attachment":[{"href":"https:\/\/www.ericclua.fr\/en\/wp-json\/wp\/v2\/media?parent=25"}],"curies":[{"name":"wp","href":"https:\/\/api.w.org\/{rel}","templated":true}]}}